{"id":282,"date":"2025-11-01T23:19:10","date_gmt":"2025-11-01T22:19:10","guid":{"rendered":"https:\/\/wypozycz.waw.pl\/?page_id=282"},"modified":"2026-04-13T15:52:14","modified_gmt":"2026-04-13T13:52:14","slug":"oferta-letnia","status":"publish","type":"page","link":"https:\/\/wypozycz.waw.pl\/?page_id=282","title":{"rendered":"Oferta letnia"},"content":{"rendered":"\t\t<div data-elementor-type=\"wp-page\" data-elementor-id=\"282\" class=\"elementor elementor-282\">\n\t\t\t\t<div class=\"elementor-element elementor-element-ddb03f4 e-flex e-con-boxed e-con e-parent\" data-id=\"ddb03f4\" data-element_type=\"container\">\n\t\t\t\t\t<div class=\"e-con-inner\">\n\t\t\t\t<div class=\"elementor-element elementor-element-649fe92 elementor-widget__width-inherit elementor-invisible elementor-widget elementor-widget-heading\" data-id=\"649fe92\" data-element_type=\"widget\" data-settings=\"{&quot;_animation&quot;:&quot;fadeIn&quot;}\" data-widget_type=\"heading.default\">\n\t\t\t\t<div class=\"elementor-widget-container\">\n\t\t\t\t\t<h1 class=\"elementor-heading-title elementor-size-default\">Oferta letnia<\/h1>\t\t\t\t<\/div>\n\t\t\t\t<\/div>\n\t\t\t\t\t<\/div>\n\t\t\t\t<\/div>\n\t\t<div class=\"elementor-element elementor-element-342dd318 e-con-full e-flex e-con e-parent\" data-id=\"342dd318\" data-element_type=\"container\">\n\t\t<div class=\"elementor-element elementor-element-45fdd836 e-con-full e-flex e-con e-child\" data-id=\"45fdd836\" data-element_type=\"container\">\n\t\t<div class=\"elementor-element elementor-element-50d25d2c e-con-full e-flex e-con e-child\" data-id=\"50d25d2c\" data-element_type=\"container\">\n\t\t\t\t<div class=\"elementor-element elementor-element-66179c41 elementor-invisible elementor-widget elementor-widget-image\" data-id=\"66179c41\" data-element_type=\"widget\" data-settings=\"{&quot;_animation&quot;:&quot;fadeIn&quot;}\" data-widget_type=\"image.default\">\n\t\t\t\t<div class=\"elementor-widget-container\">\n\t\t\t\t\t\t\t\t\t\t\t\t\t\t\t<img fetchpriority=\"high\" decoding=\"async\" width=\"1024\" height=\"1024\" src=\"https:\/\/wypozycz.waw.pl\/wp-content\/uploads\/2025\/03\/Bagaznik-opcja-1.jpg-1024x1024.png\" class=\"attachment-large size-large wp-image-37\" alt=\"Baga\u017cnik Thule Euroride 942\" srcset=\"https:\/\/wypozycz.waw.pl\/wp-content\/uploads\/2025\/03\/Bagaznik-opcja-1.jpg-1024x1024.png 1024w, https:\/\/wypozycz.waw.pl\/wp-content\/uploads\/2025\/03\/Bagaznik-opcja-1.jpg-300x300.png 300w, https:\/\/wypozycz.waw.pl\/wp-content\/uploads\/2025\/03\/Bagaznik-opcja-1.jpg-150x150.png 150w, https:\/\/wypozycz.waw.pl\/wp-content\/uploads\/2025\/03\/Bagaznik-opcja-1.jpg-768x768.png 768w, https:\/\/wypozycz.waw.pl\/wp-content\/uploads\/2025\/03\/Bagaznik-opcja-1.jpg-600x600.png 600w, https:\/\/wypozycz.waw.pl\/wp-content\/uploads\/2025\/03\/Bagaznik-opcja-1.jpg.png 1080w\" sizes=\"(max-width: 1024px) 100vw, 1024px\" \/>\t\t\t\t\t\t\t\t\t\t\t\t\t\t\t<\/div>\n\t\t\t\t<\/div>\n\t\t\t\t<div class=\"elementor-element elementor-element-19d2f89 elementor-widget elementor-widget-heading\" data-id=\"19d2f89\" data-element_type=\"widget\" data-widget_type=\"heading.default\">\n\t\t\t\t<div class=\"elementor-widget-container\">\n\t\t\t\t\t<h2 class=\"elementor-heading-title elementor-size-default\">Thule EURORIDE 942<\/h2>\t\t\t\t<\/div>\n\t\t\t\t<\/div>\n\t\t\t\t<\/div>\n\t\t\t\t<div class=\"elementor-element elementor-element-4b7851f0 elementor-widget elementor-widget-text-editor\" data-id=\"4b7851f0\" data-element_type=\"widget\" data-widget_type=\"text-editor.default\">\n\t\t\t\t<div class=\"elementor-widget-container\">\n\t\t\t\t\t\t\t\t\t<p>Ilo\u015b\u0107 miejsc: 3<br \/>\u0141adowno\u015b\u0107: 45 kg<br \/>Pochylna konstrukcja<br \/>Kompaktowy wymiar<br \/>Adapter 13\/7 pin w zestawie<\/p>\t\t\t\t\t\t\t\t<\/div>\n\t\t\t\t<\/div>\n\t\t\t\t<div class=\"elementor-element elementor-element-7cf4881e elementor-align-center elementor-invisible elementor-widget elementor-widget-button\" data-id=\"7cf4881e\" data-element_type=\"widget\" data-settings=\"{&quot;_animation&quot;:&quot;rubberBand&quot;}\" data-widget_type=\"button.default\">\n\t\t\t\t<div class=\"elementor-widget-container\">\n\t\t\t\t\t\t\t\t\t<div class=\"elementor-button-wrapper\">\n\t\t\t\t\t<a class=\"elementor-button elementor-button-link elementor-size-sm\" href=\"https:\/\/wypozycz.waw.pl\/?page_id=55\">\n\t\t\t\t\t\t<span class=\"elementor-button-content-wrapper\">\n\t\t\t\t\t\t\t\t\t<span class=\"elementor-button-text\">ZAREZERWUJ<\/span>\n\t\t\t\t\t<\/span>\n\t\t\t\t\t<\/a>\n\t\t\t\t<\/div>\n\t\t\t\t\t\t\t\t<\/div>\n\t\t\t\t<\/div>\n\t\t\t\t<\/div>\n\t\t<div class=\"elementor-element elementor-element-67fecfda e-con-full e-flex e-con e-child\" data-id=\"67fecfda\" data-element_type=\"container\">\n\t\t<div class=\"elementor-element elementor-element-81f961e e-con-full e-flex e-con e-child\" data-id=\"81f961e\" data-element_type=\"container\">\n\t\t\t\t<div class=\"elementor-element elementor-element-742d9324 elementor-invisible elementor-widget elementor-widget-image\" data-id=\"742d9324\" data-element_type=\"widget\" data-settings=\"{&quot;_animation&quot;:&quot;fadeIn&quot;}\" data-widget_type=\"image.default\">\n\t\t\t\t<div class=\"elementor-widget-container\">\n\t\t\t\t\t\t\t\t\t\t\t\t\t\t\t<img decoding=\"async\" width=\"720\" height=\"720\" src=\"https:\/\/wypozycz.waw.pl\/wp-content\/uploads\/2025\/05\/peruzzo-arezzo-4-z-ledbarem-final2.jpg\" class=\"attachment-large size-large wp-image-143\" alt=\"Baga\u017cnik samochodowy 4 miejscowy Peruzzo arezzo 4\" srcset=\"https:\/\/wypozycz.waw.pl\/wp-content\/uploads\/2025\/05\/peruzzo-arezzo-4-z-ledbarem-final2.jpg 720w, https:\/\/wypozycz.waw.pl\/wp-content\/uploads\/2025\/05\/peruzzo-arezzo-4-z-ledbarem-final2-300x300.jpg 300w, https:\/\/wypozycz.waw.pl\/wp-content\/uploads\/2025\/05\/peruzzo-arezzo-4-z-ledbarem-final2-150x150.jpg 150w, https:\/\/wypozycz.waw.pl\/wp-content\/uploads\/2025\/05\/peruzzo-arezzo-4-z-ledbarem-final2-600x600.jpg 600w\" sizes=\"(max-width: 720px) 100vw, 720px\" \/>\t\t\t\t\t\t\t\t\t\t\t\t\t\t\t<\/div>\n\t\t\t\t<\/div>\n\t\t\t\t<div class=\"elementor-element elementor-element-430471d0 elementor-widget elementor-widget-heading\" data-id=\"430471d0\" data-element_type=\"widget\" data-widget_type=\"heading.default\">\n\t\t\t\t<div class=\"elementor-widget-container\">\n\t\t\t\t\t<h2 class=\"elementor-heading-title elementor-size-default\">Peruzzo Arezzo 4<\/h2>\t\t\t\t<\/div>\n\t\t\t\t<\/div>\n\t\t\t\t<\/div>\n\t\t\t\t<div class=\"elementor-element elementor-element-73e71d18 elementor-widget elementor-widget-text-editor\" data-id=\"73e71d18\" data-element_type=\"widget\" data-widget_type=\"text-editor.default\">\n\t\t\t\t<div class=\"elementor-widget-container\">\n\t\t\t\t\t\t\t\t\t<p>&nbsp;Ilo\u015b\u0107 miejsc: 4<br>\u0141adowno\u015b\u0107: 50 kg<br>Pochylna konstrukcja<br>Kompaktowy wymiar<br>Listwa \u015bwietlna z miejscem na rejestracje&nbsp;7 pin w zestawie<\/p>\t\t\t\t\t\t\t\t<\/div>\n\t\t\t\t<\/div>\n\t\t\t\t<div class=\"elementor-element elementor-element-12164610 elementor-align-center elementor-invisible elementor-widget elementor-widget-button\" data-id=\"12164610\" data-element_type=\"widget\" data-settings=\"{&quot;_animation&quot;:&quot;rubberBand&quot;}\" data-widget_type=\"button.default\">\n\t\t\t\t<div class=\"elementor-widget-container\">\n\t\t\t\t\t\t\t\t\t<div class=\"elementor-button-wrapper\">\n\t\t\t\t\t<a class=\"elementor-button elementor-button-link elementor-size-sm\" href=\"https:\/\/wypozycz.waw.pl\/?page_id=55\">\n\t\t\t\t\t\t<span class=\"elementor-button-content-wrapper\">\n\t\t\t\t\t\t\t\t\t<span class=\"elementor-button-text\">ZAREZERWUJ<\/span>\n\t\t\t\t\t<\/span>\n\t\t\t\t\t<\/a>\n\t\t\t\t<\/div>\n\t\t\t\t\t\t\t\t<\/div>\n\t\t\t\t<\/div>\n\t\t\t\t<\/div>\n\t\t<div class=\"elementor-element elementor-element-6a0a1617 e-con-full e-flex e-con e-child\" data-id=\"6a0a1617\" data-element_type=\"container\">\n\t\t<div class=\"elementor-element elementor-element-5ca2d89 e-con-full e-flex e-con e-child\" data-id=\"5ca2d89\" data-element_type=\"container\">\n\t\t\t\t<div class=\"elementor-element elementor-element-64fc40fe elementor-invisible elementor-widget elementor-widget-image\" data-id=\"64fc40fe\" data-element_type=\"widget\" data-settings=\"{&quot;_animation&quot;:&quot;fadeIn&quot;}\" data-widget_type=\"image.default\">\n\t\t\t\t<div class=\"elementor-widget-container\">\n\t\t\t\t\t\t\t\t\t\t\t\t\t\t\t<img decoding=\"async\" width=\"600\" height=\"600\" src=\"https:\/\/wypozycz.waw.pl\/wp-content\/uploads\/2025\/03\/ff7eb791edd848cd233bf606804d7139c171fc19.jpg\" class=\"attachment-large size-large wp-image-43\" alt=\"Thule raceway 922\" srcset=\"https:\/\/wypozycz.waw.pl\/wp-content\/uploads\/2025\/03\/ff7eb791edd848cd233bf606804d7139c171fc19.jpg 600w, https:\/\/wypozycz.waw.pl\/wp-content\/uploads\/2025\/03\/ff7eb791edd848cd233bf606804d7139c171fc19-300x300.jpg 300w, https:\/\/wypozycz.waw.pl\/wp-content\/uploads\/2025\/03\/ff7eb791edd848cd233bf606804d7139c171fc19-150x150.jpg 150w\" sizes=\"(max-width: 600px) 100vw, 600px\" \/>\t\t\t\t\t\t\t\t\t\t\t\t\t\t\t<\/div>\n\t\t\t\t<\/div>\n\t\t\t\t<div class=\"elementor-element elementor-element-5dd09abc elementor-widget elementor-widget-heading\" data-id=\"5dd09abc\" data-element_type=\"widget\" data-widget_type=\"heading.default\">\n\t\t\t\t<div class=\"elementor-widget-container\">\n\t\t\t\t\t<h2 class=\"elementor-heading-title elementor-size-default\">Thule Raceway 922<\/h2>\t\t\t\t<\/div>\n\t\t\t\t<\/div>\n\t\t\t\t<\/div>\n\t\t\t\t<div class=\"elementor-element elementor-element-484319d7 elementor-widget elementor-widget-text-editor\" data-id=\"484319d7\" data-element_type=\"widget\" data-widget_type=\"text-editor.default\">\n\t\t\t\t<div class=\"elementor-widget-container\">\n\t\t\t\t\t\t\t\t\t<p>\u00a0Ilo\u015b\u0107 miejsc: 3<br \/>\u0141adowno\u015b\u0107: 45 kg<br \/>Sk\u0142adany<br \/>Kompaktowy wymiar<br \/>Szybki monta\u017c<\/p>\t\t\t\t\t\t\t\t<\/div>\n\t\t\t\t<\/div>\n\t\t\t\t<div class=\"elementor-element elementor-element-5dcac8a4 elementor-align-center elementor-invisible elementor-widget elementor-widget-button\" data-id=\"5dcac8a4\" data-element_type=\"widget\" data-settings=\"{&quot;_animation&quot;:&quot;rubberBand&quot;}\" data-widget_type=\"button.default\">\n\t\t\t\t<div class=\"elementor-widget-container\">\n\t\t\t\t\t\t\t\t\t<div class=\"elementor-button-wrapper\">\n\t\t\t\t\t<a class=\"elementor-button elementor-button-link elementor-size-sm\" href=\"https:\/\/wypozycz.waw.pl\/?page_id=55\">\n\t\t\t\t\t\t<span class=\"elementor-button-content-wrapper\">\n\t\t\t\t\t\t\t\t\t<span class=\"elementor-button-text\">ZAREZERWUJ<\/span>\n\t\t\t\t\t<\/span>\n\t\t\t\t\t<\/a>\n\t\t\t\t<\/div>\n\t\t\t\t\t\t\t\t<\/div>\n\t\t\t\t<\/div>\n\t\t\t\t<\/div>\n\t\t\t\t<\/div>\n\t\t<div class=\"elementor-element elementor-element-da4da74 e-flex e-con-boxed e-con e-parent\" data-id=\"da4da74\" data-element_type=\"container\">\n\t\t\t\t\t<div class=\"e-con-inner\">\n\t\t\t\t<div class=\"elementor-element elementor-element-250916d elementor-invisible elementor-widget elementor-widget-heading\" data-id=\"250916d\" data-element_type=\"widget\" data-settings=\"{&quot;_animation&quot;:&quot;fadeIn&quot;}\" data-widget_type=\"heading.default\">\n\t\t\t\t<div class=\"elementor-widget-container\">\n\t\t\t\t\t<h1 class=\"elementor-heading-title elementor-size-default\">Cennik<\/h1>\t\t\t\t<\/div>\n\t\t\t\t<\/div>\n\t\t\t\t\t<\/div>\n\t\t\t\t<\/div>\n\t\t<div class=\"elementor-element elementor-element-425514df e-grid e-con-boxed e-con e-parent\" data-id=\"425514df\" data-element_type=\"container\">\n\t\t\t\t\t<div class=\"e-con-inner\">\n\t\t<div class=\"elementor-element elementor-element-17e8b734 e-con-full e-flex e-con e-child\" data-id=\"17e8b734\" data-element_type=\"container\">\n\t\t\t\t<div class=\"elementor-element elementor-element-56231a09 elementor-widget elementor-widget-heading\" data-id=\"56231a09\" data-element_type=\"widget\" data-widget_type=\"heading.default\">\n\t\t\t\t<div class=\"elementor-widget-container\">\n\t\t\t\t\t<h2 class=\"elementor-heading-title elementor-size-default\">DOBA<\/h2>\t\t\t\t<\/div>\n\t\t\t\t<\/div>\n\t\t\t\t<div class=\"elementor-element elementor-element-3da34c7c elementor-invisible elementor-widget elementor-widget-heading\" data-id=\"3da34c7c\" data-element_type=\"widget\" data-settings=\"{&quot;_animation&quot;:&quot;fadeIn&quot;}\" data-widget_type=\"heading.default\">\n\t\t\t\t<div class=\"elementor-widget-container\">\n\t\t\t\t\t<h2 class=\"elementor-heading-title elementor-size-default\">50 z\u0142<\/h2>\t\t\t\t<\/div>\n\t\t\t\t<\/div>\n\t\t\t\t<div class=\"elementor-element elementor-element-275c6d55 elementor-widget elementor-widget-text-editor\" data-id=\"275c6d55\" data-element_type=\"widget\" data-widget_type=\"text-editor.default\">\n\t\t\t\t<div class=\"elementor-widget-container\">\n\t\t\t\t\t\t\t\t\t<ul><li>Wynajem baga\u017cnika z pe\u0142n\u0105 obs\u0142ug\u0105 monta\u017cu i szkolenia u\u017cytkowania<\/li><li>Dostawa na terenie Warszawy za darmo<\/li><\/ul>\t\t\t\t\t\t\t\t<\/div>\n\t\t\t\t<\/div>\n\t\t\t\t<\/div>\n\t\t<div class=\"elementor-element elementor-element-1cdbf26a e-con-full e-flex e-con e-child\" data-id=\"1cdbf26a\" data-element_type=\"container\">\n\t\t\t\t<div class=\"elementor-element elementor-element-2b44cede elementor-widget elementor-widget-heading\" data-id=\"2b44cede\" data-element_type=\"widget\" data-widget_type=\"heading.default\">\n\t\t\t\t<div class=\"elementor-widget-container\">\n\t\t\t\t\t<h2 class=\"elementor-heading-title elementor-size-default\">WEEKEND<\/h2>\t\t\t\t<\/div>\n\t\t\t\t<\/div>\n\t\t\t\t<div class=\"elementor-element elementor-element-2f4ed7e4 elementor-invisible elementor-widget elementor-widget-heading\" data-id=\"2f4ed7e4\" data-element_type=\"widget\" data-settings=\"{&quot;_animation&quot;:&quot;fadeIn&quot;}\" data-widget_type=\"heading.default\">\n\t\t\t\t<div class=\"elementor-widget-container\">\n\t\t\t\t\t<h2 class=\"elementor-heading-title elementor-size-default\">199 z\u0142<\/h2>\t\t\t\t<\/div>\n\t\t\t\t<\/div>\n\t\t\t\t<div class=\"elementor-element elementor-element-67fe6209 elementor-widget elementor-widget-text-editor\" data-id=\"67fe6209\" data-element_type=\"widget\" data-widget_type=\"text-editor.default\">\n\t\t\t\t<div class=\"elementor-widget-container\">\n\t\t\t\t\t\t\t\t\t<ul><li>Wynajem baga\u017cnika z pe\u0142n\u0105 obs\u0142ug\u0105 monta\u017cu i szkolenia u\u017cytkowania<\/li><li>Dostawa na terenie Warszawy za darmo<\/li><\/ul>\t\t\t\t\t\t\t\t<\/div>\n\t\t\t\t<\/div>\n\t\t\t\t<\/div>\n\t\t<div class=\"elementor-element elementor-element-5564714b e-con-full e-flex e-con e-child\" data-id=\"5564714b\" data-element_type=\"container\">\n\t\t\t\t<div class=\"elementor-element elementor-element-4f689bc6 elementor-widget elementor-widget-heading\" data-id=\"4f689bc6\" data-element_type=\"widget\" data-widget_type=\"heading.default\">\n\t\t\t\t<div class=\"elementor-widget-container\">\n\t\t\t\t\t<h2 class=\"elementor-heading-title elementor-size-default\">TYDZIE\u0143<\/h2>\t\t\t\t<\/div>\n\t\t\t\t<\/div>\n\t\t\t\t<div class=\"elementor-element elementor-element-6630f47b elementor-invisible elementor-widget elementor-widget-heading\" data-id=\"6630f47b\" data-element_type=\"widget\" data-settings=\"{&quot;_animation&quot;:&quot;fadeIn&quot;}\" data-widget_type=\"heading.default\">\n\t\t\t\t<div class=\"elementor-widget-container\">\n\t\t\t\t\t<h2 class=\"elementor-heading-title elementor-size-default\">300 z\u0142<\/h2>\t\t\t\t<\/div>\n\t\t\t\t<\/div>\n\t\t\t\t<div class=\"elementor-element elementor-element-41a57bf5 elementor-widget elementor-widget-text-editor\" data-id=\"41a57bf5\" data-element_type=\"widget\" data-widget_type=\"text-editor.default\">\n\t\t\t\t<div class=\"elementor-widget-container\">\n\t\t\t\t\t\t\t\t\t<ul><li>Wynajem baga\u017cnika z pe\u0142n\u0105 obs\u0142ug\u0105 monta\u017cu i szkolenia u\u017cytkowania<\/li><li>Dostawa na terenie Warszawy za darmo<\/li><\/ul>\t\t\t\t\t\t\t\t<\/div>\n\t\t\t\t<\/div>\n\t\t\t\t<\/div>\n\t\t\t\t\t<\/div>\n\t\t\t\t<\/div>\n\t\t<div class=\"elementor-element elementor-element-de06ac7 e-flex e-con-boxed e-con e-parent\" data-id=\"de06ac7\" data-element_type=\"container\">\n\t\t\t\t\t<div class=\"e-con-inner\">\n\t\t\t\t<div class=\"elementor-element elementor-element-a658af7 elementor-align-center elementor-widget__width-inherit elementor-invisible elementor-widget elementor-widget-button\" data-id=\"a658af7\" data-element_type=\"widget\" data-settings=\"{&quot;_animation&quot;:&quot;rubberBand&quot;}\" data-widget_type=\"button.default\">\n\t\t\t\t<div class=\"elementor-widget-container\">\n\t\t\t\t\t\t\t\t\t<div class=\"elementor-button-wrapper\">\n\t\t\t\t\t<a class=\"elementor-button elementor-button-link elementor-size-sm\" href=\"https:\/\/wypozycz.waw.pl\/?page_id=55\">\n\t\t\t\t\t\t<span class=\"elementor-button-content-wrapper\">\n\t\t\t\t\t\t\t\t\t<span class=\"elementor-button-text\">ZAREZERWUJ<\/span>\n\t\t\t\t\t<\/span>\n\t\t\t\t\t<\/a>\n\t\t\t\t<\/div>\n\t\t\t\t\t\t\t\t<\/div>\n\t\t\t\t<\/div>\n\t\t\t\t\t<\/div>\n\t\t\t\t<\/div>\n\t\t<div class=\"elementor-element elementor-element-05804da e-flex e-con-boxed e-con e-parent\" data-id=\"05804da\" data-element_type=\"container\">\n\t\t\t\t\t<div class=\"e-con-inner\">\n\t\t\t\t<div class=\"elementor-element elementor-element-80b51d9 elementor-widget elementor-widget-text-editor\" data-id=\"80b51d9\" data-element_type=\"widget\" data-widget_type=\"text-editor.default\">\n\t\t\t\t<div class=\"elementor-widget-container\">\n\t\t\t\t\t\t\t\t\t<p>W celu rezerwacji na d\u0142u\u017cszy okres prosimy o kontakt telefoniczny lub na adres e-mail\u00a0<br \/>Tel. 531 944 551\/ e-mail: info@wypozycz.waw.pl<\/p>\t\t\t\t\t\t\t\t<\/div>\n\t\t\t\t<\/div>\n\t\t\t\t\t<\/div>\n\t\t\t\t<\/div>\n\t\t<div class=\"elementor-element elementor-element-7c7ab30 e-flex e-con-boxed e-con e-parent\" data-id=\"7c7ab30\" data-element_type=\"container\">\n\t\t\t\t\t<div class=\"e-con-inner\">\n\t\t\t\t<div class=\"elementor-element elementor-element-df91f61 elementor-widget elementor-widget-spacer\" data-id=\"df91f61\" data-element_type=\"widget\" data-widget_type=\"spacer.default\">\n\t\t\t\t<div class=\"elementor-widget-container\">\n\t\t\t\t\t\t\t<div class=\"elementor-spacer\">\n\t\t\t<div class=\"elementor-spacer-inner\"><\/div>\n\t\t<\/div>\n\t\t\t\t\t\t<\/div>\n\t\t\t\t<\/div>\n\t\t\t\t\t<\/div>\n\t\t\t\t<\/div>\n\t\t\t\t<\/div>\n\t\t","protected":false},"excerpt":{"rendered":"<p>Oferta letnia Thule EURORIDE 942 Ilo\u015b\u0107 miejsc: 3\u0141adowno\u015b\u0107: 45 kgPochylna konstrukcjaKompaktowy wymiarAdapter 13\/7 pin w zestawie ZAREZERWUJ Peruzzo Arezzo 4 &nbsp;Ilo\u015b\u0107 miejsc: 4\u0141adowno\u015b\u0107: 50 kgPochylna konstrukcjaKompaktowy wymiarListwa \u015bwietlna z miejscem na rejestracje&nbsp;7 pin w zestawie ZAREZERWUJ Thule Raceway 922 \u00a0Ilo\u015b\u0107 miejsc: 3\u0141adowno\u015b\u0107: 45 kgSk\u0142adanyKompaktowy wymiarSzybki monta\u017c ZAREZERWUJ Cennik DOBA 50 z\u0142 Wynajem baga\u017cnika z pe\u0142n\u0105 [&hellip;]<\/p>\n","protected":false},"author":1,"featured_media":0,"parent":0,"menu_order":0,"comment_status":"closed","ping_status":"closed","template":"","meta":{"ocean_post_layout":"full-width","ocean_both_sidebars_style":"","ocean_both_sidebars_content_width":0,"ocean_both_sidebars_sidebars_width":0,"ocean_sidebar":"","ocean_second_sidebar":"","ocean_disable_margins":"enable","ocean_add_body_class":"","ocean_shortcode_before_top_bar":"","ocean_shortcode_after_top_bar":"","ocean_shortcode_before_header":"","ocean_shortcode_after_header":"","ocean_has_shortcode":"","ocean_shortcode_after_title":"","ocean_shortcode_before_footer_widgets":"","ocean_shortcode_after_footer_widgets":"","ocean_shortcode_before_footer_bottom":"","ocean_shortcode_after_footer_bottom":"","ocean_display_top_bar":"default","ocean_display_header":"default","ocean_header_style":"full_screen","ocean_center_header_left_menu":"","ocean_custom_header_template":"","ocean_custom_logo":0,"ocean_custom_retina_logo":0,"ocean_custom_logo_max_width":0,"ocean_custom_logo_tablet_max_width":0,"ocean_custom_logo_mobile_max_width":0,"ocean_custom_logo_max_height":0,"ocean_custom_logo_tablet_max_height":0,"ocean_custom_logo_mobile_max_height":0,"ocean_header_custom_menu":"","ocean_menu_typo_font_family":"","ocean_menu_typo_font_subset":"","ocean_menu_typo_font_size":0,"ocean_menu_typo_font_size_tablet":0,"ocean_menu_typo_font_size_mobile":0,"ocean_menu_typo_font_size_unit":"px","ocean_menu_typo_font_weight":"","ocean_menu_typo_font_weight_tablet":"","ocean_menu_typo_font_weight_mobile":"","ocean_menu_typo_transform":"","ocean_menu_typo_transform_tablet":"","ocean_menu_typo_transform_mobile":"","ocean_menu_typo_line_height":0,"ocean_menu_typo_line_height_tablet":0,"ocean_menu_typo_line_height_mobile":0,"ocean_menu_typo_line_height_unit":"","ocean_menu_typo_spacing":0,"ocean_menu_typo_spacing_tablet":0,"ocean_menu_typo_spacing_mobile":0,"ocean_menu_typo_spacing_unit":"","ocean_menu_link_color":"","ocean_menu_link_color_hover":"","ocean_menu_link_color_active":"","ocean_menu_link_background":"","ocean_menu_link_hover_background":"","ocean_menu_link_active_background":"","ocean_menu_social_links_bg":"","ocean_menu_social_hover_links_bg":"","ocean_menu_social_links_color":"","ocean_menu_social_hover_links_color":"","ocean_disable_title":"on","ocean_disable_heading":"default","ocean_post_title":"","ocean_post_subheading":"","ocean_post_title_style":"","ocean_post_title_background_color":"","ocean_post_title_background":0,"ocean_post_title_bg_image_position":"","ocean_post_title_bg_image_attachment":"","ocean_post_title_bg_image_repeat":"","ocean_post_title_bg_image_size":"","ocean_post_title_height":0,"ocean_post_title_bg_overlay":0.5,"ocean_post_title_bg_overlay_color":"","ocean_disable_breadcrumbs":"off","ocean_breadcrumbs_color":"","ocean_breadcrumbs_separator_color":"","ocean_breadcrumbs_links_color":"","ocean_breadcrumbs_links_hover_color":"","ocean_display_footer_widgets":"default","ocean_display_footer_bottom":"default","ocean_custom_footer_template":"","footnotes":""},"class_list":["post-282","page","type-page","status-publish","hentry","entry"],"_links":{"self":[{"href":"https:\/\/wypozycz.waw.pl\/index.php?rest_route=\/wp\/v2\/pages\/282","targetHints":{"allow":["GET"]}}],"collection":[{"href":"https:\/\/wypozycz.waw.pl\/index.php?rest_route=\/wp\/v2\/pages"}],"about":[{"href":"https:\/\/wypozycz.waw.pl\/index.php?rest_route=\/wp\/v2\/types\/page"}],"author":[{"embeddable":true,"href":"https:\/\/wypozycz.waw.pl\/index.php?rest_route=\/wp\/v2\/users\/1"}],"replies":[{"embeddable":true,"href":"https:\/\/wypozycz.waw.pl\/index.php?rest_route=%2Fwp%2Fv2%2Fcomments&post=282"}],"version-history":[{"count":13,"href":"https:\/\/wypozycz.waw.pl\/index.php?rest_route=\/wp\/v2\/pages\/282\/revisions"}],"predecessor-version":[{"id":341,"href":"https:\/\/wypozycz.waw.pl\/index.php?rest_route=\/wp\/v2\/pages\/282\/revisions\/341"}],"wp:attachment":[{"href":"https:\/\/wypozycz.waw.pl\/index.php?rest_route=%2Fwp%2Fv2%2Fmedia&parent=282"}],"curies":[{"name":"wp","href":"https:\/\/api.w.org\/{rel}","templated":true}]}}